{"id":27,"date":"2014-01-12T00:15:55","date_gmt":"2014-01-11T22:15:55","guid":{"rendered":"http:\/\/www.wurzelausdrei.at\/blog\/?page_id=27"},"modified":"2014-05-09T21:57:11","modified_gmt":"2014-05-09T19:57:11","slug":"links","status":"publish","type":"page","link":"https:\/\/www.wurzelausdrei.at\/blog\/?page_id=27","title":{"rendered":"Links"},"content":{"rendered":"<p><strong>Podcasts:<\/strong><\/p>\n<p><a href=\"http:\/\/www.srmd.at\/\">www.srmd.at<\/a> Der &#8220; So red ma do&#8220; Podcast \u00fcber \u00d6sterreich und unsere Sprache<\/p>\n<p><a href=\"http:\/\/raumzeit-podcast.de\/\">raumzeit-podcast.de<\/a> Bringt einem Weltraumforschung im Auftrag von ESA und DLR n\u00e4her<\/p>\n<p><a href=\"http:\/\/www.culinaricast.de\/\">culinaricast.de<\/a> macht Hunger auf mehr<\/p>\n<p><a href=\"http:\/\/www.kuechenstud.io\/\">kuechenstud.io<\/a> ist eine Ansamlung verschiedenster zum Teil recht schr\u00e4g gemachter Podcasts<\/p>\n<p><a href=\"http:\/\/cre.fm\/\">cre.fm<\/a> ist der Chaos Radio Express Podcast zu den Themen Technik, Kultur, Gesellschaft<\/p>\n<p>&nbsp;<\/p>\n","protected":false},"excerpt":{"rendered":"<p>Podcasts: www.srmd.at Der &#8220; So red ma do&#8220; Podcast \u00fcber \u00d6sterreich und unsere Sprache raumzeit-podcast.de Bringt einem Weltraumforschung im Auftrag von ESA und DLR n\u00e4her culinaricast.de macht Hunger auf mehr kuechenstud.io ist eine Ansamlung verschiedenster zum Teil recht schr\u00e4g gemachter Podcasts cre.fm ist der Chaos Radio Express Podcast zu den Themen Technik, Kultur, Gesellschaft &nbsp;<\/p>\n","protected":false},"author":1,"featured_media":0,"parent":0,"menu_order":0,"comment_status":"open","ping_status":"open","template":"sidebar-content-page.php","meta":{"footnotes":""},"class_list":["post-27","page","type-page","status-publish","hentry"],"_links":{"self":[{"href":"https:\/\/www.wurzelausdrei.at\/blog\/index.php?rest_route=\/wp\/v2\/pages\/27"}],"collection":[{"href":"https:\/\/www.wurzelausdrei.at\/blog\/index.php?rest_route=\/wp\/v2\/pages"}],"about":[{"href":"https:\/\/www.wurzelausdrei.at\/blog\/index.php?rest_route=\/wp\/v2\/types\/page"}],"author":[{"embeddable":true,"href":"https:\/\/www.wurzelausdrei.at\/blog\/index.php?rest_route=\/wp\/v2\/users\/1"}],"replies":[{"embeddable":true,"href":"https:\/\/www.wurzelausdrei.at\/blog\/index.php?rest_route=%2Fwp%2Fv2%2Fcomments&post=27"}],"version-history":[{"count":3,"href":"https:\/\/www.wurzelausdrei.at\/blog\/index.php?rest_route=\/wp\/v2\/pages\/27\/revisions"}],"predecessor-version":[{"id":136,"href":"https:\/\/www.wurzelausdrei.at\/blog\/index.php?rest_route=\/wp\/v2\/pages\/27\/revisions\/136"}],"wp:attachment":[{"href":"https:\/\/www.wurzelausdrei.at\/blog\/index.php?rest_route=%2Fwp%2Fv2%2Fmedia&parent=27"}],"curies":[{"name":"wp","href":"https:\/\/api.w.org\/{rel}","templated":true}]}}